{"id":1917,"date":"2022-02-05T22:55:32","date_gmt":"2022-02-05T22:55:32","guid":{"rendered":"http:\/\/pukfrance.com\/?page_id=1917"},"modified":"2022-02-28T18:37:28","modified_gmt":"2022-02-28T18:37:28","slug":"newsletter","status":"publish","type":"page","link":"http:\/\/pukfrance.com\/?page_id=1917","title":{"rendered":"Newsletter"},"content":{"rendered":"\n<p style=\"font-size:26px\">Vous pouvez retrouver l&#8217;int\u00e9gralit\u00e9 de nos pr\u00e9c\u00e9dents bulletins ci-dessous au format PDF :<\/p>\n\n\n\n<p><\/p>\n\n\n\n<h1><a target=\"_blank\" href=\"https:\/\/online.fliphtml5.com\/nlsod\/wtti\/#p=1\" rel=\"noopener\">Visite Najat Vallaud-Belkacem au Kurdistan-Irak:<\/a><\/h1>\n\n\n\n<h1><a target=\"_blank\" href=\"http:\/\/pukfrance.com\/wp-content\/uploads\/2022\/02\/M.darawan.pdf\" rel=\"noopener\"> Bulletins 2021 :<\/a><\/h1>\n\n\n","protected":false},"excerpt":{"rendered":"<p>Vous pouvez retrouver l&#8217;int\u00e9gralit\u00e9 de nos pr\u00e9c\u00e9dents bulletins ci-dessous au format PDF : Visite Najat Vallaud-Belkacem au Kurdistan-Irak: Bulletins 2021 :<\/p>\n","protected":false},"author":1,"featured_media":0,"parent":0,"menu_order":0,"comment_status":"closed","ping_status":"closed","template":"","meta":{"footnotes":""},"class_list":["post-1917","page","type-page","status-publish","hentry"],"_links":{"self":[{"href":"http:\/\/pukfrance.com\/index.php?rest_route=\/wp\/v2\/pages\/1917","targetHints":{"allow":["GET"]}}],"collection":[{"href":"http:\/\/pukfrance.com\/index.php?rest_route=\/wp\/v2\/pages"}],"about":[{"href":"http:\/\/pukfrance.com\/index.php?rest_route=\/wp\/v2\/types\/page"}],"author":[{"embeddable":true,"href":"http:\/\/pukfrance.com\/index.php?rest_route=\/wp\/v2\/users\/1"}],"replies":[{"embeddable":true,"href":"http:\/\/pukfrance.com\/index.php?rest_route=%2Fwp%2Fv2%2Fcomments&post=1917"}],"version-history":[{"count":7,"href":"http:\/\/pukfrance.com\/index.php?rest_route=\/wp\/v2\/pages\/1917\/revisions"}],"predecessor-version":[{"id":2140,"href":"http:\/\/pukfrance.com\/index.php?rest_route=\/wp\/v2\/pages\/1917\/revisions\/2140"}],"wp:attachment":[{"href":"http:\/\/pukfrance.com\/index.php?rest_route=%2Fwp%2Fv2%2Fmedia&parent=1917"}],"curies":[{"name":"wp","href":"https:\/\/api.w.org\/{rel}","templated":true}]}}